{"id":42,"date":"2026-02-11T15:40:13","date_gmt":"2026-02-11T18:40:13","guid":{"rendered":"https:\/\/casacunha.com.br\/?page_id=42"},"modified":"2026-02-11T19:59:07","modified_gmt":"2026-02-11T22:59:07","slug":"sobre-nos","status":"publish","type":"page","link":"https:\/\/casacunha.com.br\/index.php\/sobre-nos\/","title":{"rendered":"Sobre N\u00f3s"},"content":{"rendered":"\t\t<div data-elementor-type=\"wp-page\" data-elementor-id=\"42\" class=\"elementor elementor-42\" data-elementor-post-type=\"page\">\n\t\t\t\t<div class=\"elementor-element elementor-element-b0ae05e e-flex e-con-boxed e-con e-parent\" data-id=\"b0ae05e\" data-element_type=\"container\" data-e-type=\"container\" data-settings=\"{&quot;background_background&quot;:&quot;classic&quot;}\">\n\t\t\t\t\t<div class=\"e-con-inner\">\n\t\t\t\t\t<\/div>\n\t\t\t\t<\/div>\n\t\t<div class=\"elementor-element elementor-element-875ab55 e-flex e-con-boxed e-con e-parent\" data-id=\"875ab55\" data-element_type=\"container\" data-e-type=\"container\">\n\t\t\t\t\t<div class=\"e-con-inner\">\n\t\t<div class=\"elementor-element elementor-element-c7d92c3 e-con-full e-flex e-con e-child\" data-id=\"c7d92c3\" data-element_type=\"container\" data-e-type=\"container\">\n\t\t\t\t<div class=\"elementor-element elementor-element-4dbff19 elementor-widget elementor-widget-heading\" data-id=\"4dbff19\" data-element_type=\"widget\" data-e-type=\"widget\" data-widget_type=\"heading.default\">\n\t\t\t\t\t<h1 class=\"elementor-heading-title elementor-size-default\">Casa Cunha<\/h1>\t\t\t\t<\/div>\n\t\t\t\t<div class=\"elementor-element elementor-element-1557572 elementor-widget elementor-widget-heading\" data-id=\"1557572\" data-element_type=\"widget\" data-e-type=\"widget\" data-widget_type=\"heading.default\">\n\t\t\t\t\t<h1 class=\"elementor-heading-title elementor-size-default\">Padaria em Perdizes<\/h1>\t\t\t\t<\/div>\n\t\t\t\t<div class=\"elementor-element elementor-element-7f61188 elementor-widget elementor-widget-text-editor\" data-id=\"7f61188\" data-element_type=\"widget\" data-e-type=\"widget\" data-widget_type=\"text-editor.default\">\n\t\t\t\t\t\t\t\t\t<p class=\"cvGsUA direction-ltr align-start para-style-body\"><span class=\"a_GcMg font-feature-liga-off font-feature-clig-off font-feature-calt-off text-decoration-none text-strikethrough-none\">A CASA CUNHA NASCEU DA UNI\u00c3O DE DUAS TRAJET\u00d3RIAS MUITO IMPROV\u00c1VEIS. ELA, DO SERT\u00c3O BAIANO. ELE, FILHO DE PORTUGUESES DO MINHO. PATR\u00cdCIA NASCIMENTO E FERNANDO CUNHA SE CONHECERAM H\u00c1 MAIS DE VINTE ANOS.<\/span><\/p><p class=\"cvGsUA direction-ltr align-start para-style-body\"><span class=\"a_GcMg font-feature-liga-off font-feature-clig-off font-feature-calt-off text-decoration-none text-strikethrough-none\">NUM TEMPO EM QUE ELA AINDA APRENDIA QUE SONHO ERA NOME DE DOCE, ELE J\u00c1 SONHAVA COM NOVAS PADARIAS. ELE LHE DEU O PRIMEIRO EMPREGO, E HOJE CAMINHAM LADO A LADO COMo S\u00d3CIOS AQUI NA CASA CUNHA. A EXPRESS\u00c3O MAIS BONITA DESSA PARCERIA.<\/span><\/p><p class=\"cvGsUA direction-ltr align-start para-style-body\"><span class=\"a_GcMg font-feature-liga-off font-feature-clig-off font-feature-calt-off text-decoration-none text-strikethrough-none\">A CASA \u00c9 PATR\u00cdCIA: SIN\u00d4NIMO DE FEMININO, COLO E ABRIGO. O CUNHA \u00c9 FERNANDO: SEU SOBRENOME, SUA HERAN\u00c7A PORTUGUESA, QUE HOMENAGEIA OS PAIS JO\u00c3O E MARIA, QUE DEIXARAM O MINHO COM ESPERAN\u00c7A NOS OLHOS E P\u00c3O NO CESTO DA BICICLETA. ESSA CASA EM PERDIZES \u00c9 UM PRESENTE<\/span><\/p><p class=\"cvGsUA direction-ltr align-start para-style-body\"><span class=\"a_GcMg font-feature-liga-off font-feature-clig-off font-feature-calt-off text-decoration-none text-strikethrough-none\">PARA O BAIRRO E PARA QUEM CHEGA. \u00c9 PADARIA TRADICIONAL PORTUGUESA, RESTAURANTE DE COMIDA CASEIRA E EMP\u00d3RIO COM PRODUTOS DO MUNDO TODO E PRECIOSIDADES LUSITANAS. \u00c9 P\u00c3O, PRATO &amp; PRATELEIRA, COM QUALIDADE IMPEC\u00c1VEL, ATENDIMENTO DE VERDADE E UMA COZINHA QUE MISTURA AFETO, HIST\u00d3RIA E SABOR. NO CARD\u00c1PIO, BRILHAM OS ESPECIAIS DA DONA MARIA CUNHA: O BACALHAU DE DOMINGO, O ARROZ DE PATO BEM-FEITO E A RABANADA RAIZ. RECEITAS COM MEM\u00d3RIA, PREPARADAS<\/span><\/p><p class=\"cvGsUA direction-ltr align-start para-style-body\"><span class=\"a_GcMg font-feature-liga-off font-feature-clig-off font-feature-calt-off text-decoration-none text-strikethrough-none\">COM ESTUDO, T\u00c9CNICA E EMO\u00c7\u00c3O. NOS DETALHES, PORTUGAL APARECE EM CADA CANTINHO: NOS AZULEJOS PELOCH\u00c3O, NAS PEDRAS DA FACHADA, NOS AFRESCOS DO CASTELO DE BEL\u00c9M E NA I MAGEM DE NOSSA SENHORA DE F\u00c1TIMA, QUE ACOLHE QUEM ENTRA.<\/span><\/p><p class=\"cvGsUA direction-ltr align-start para-style-body\"><span class=\"a_GcMg font-feature-liga-off font-feature-clig-off font-feature-calt-off text-decoration-none text-strikethrough-none\">A CASA CUNHA N\u00c3O TEM PRESSA. ELA SE PERMITE NASCER, CRESCER, FERMENTAR, DOURAR. PORQUE \u00c9 ASSIM QUE O P\u00c3O SE FAZ. E \u00c9 ASSIM QUE SE FAZ UMA HIST\u00d3RIA PARA DURAR.<\/span><\/p>\t\t\t\t\t\t\t\t<\/div>\n\t\t\t\t<\/div>\n\t\t<div class=\"elementor-element elementor-element-9780c22 e-con-full e-flex e-con e-child\" data-id=\"9780c22\" data-element_type=\"container\" data-e-type=\"container\" data-settings=\"{&quot;background_background&quot;:&quot;classic&quot;}\">\n\t\t\t\t<div class=\"elementor-element elementor-element-a0decf7 elementor-widget elementor-widget-image\" data-id=\"a0decf7\" data-element_type=\"widget\" data-e-type=\"widget\" data-widget_type=\"image.default\">\n\t\t\t\t\t\t\t\t\t\t\t\t\t\t\t<img fetchpriority=\"high\" decoding=\"async\" width=\"460\" height=\"620\" src=\"https:\/\/casacunha.com.br\/wp-content\/uploads\/2026\/02\/casa_cunha_padaria_sobre_nos.jpg\" class=\"attachment-full size-full wp-image-181\" alt=\"\" \/>\t\t\t\t\t\t\t\t\t\t\t\t\t\t\t<\/div>\n\t\t\t\t<\/div>\n\t\t\t\t\t<\/div>\n\t\t\t\t<\/div>\n\t\t<div class=\"elementor-element elementor-element-bc71531 e-flex e-con-boxed e-con e-parent\" data-id=\"bc71531\" data-element_type=\"container\" data-e-type=\"container\">\n\t\t\t\t\t<div class=\"e-con-inner\">\n\t\t\t\t<div class=\"elementor-element elementor-element-527103b elementor-widget elementor-widget-video\" data-id=\"527103b\" data-element_type=\"widget\" data-e-type=\"widget\" data-settings=\"{&quot;video_type&quot;:&quot;hosted&quot;,&quot;loop&quot;:&quot;yes&quot;,&quot;controls&quot;:&quot;yes&quot;}\" data-widget_type=\"video.default\">\n\t\t\t\t\t\t\t<div class=\"e-hosted-video elementor-wrapper elementor-open-inline\">\n\t\t\t\t\t<video class=\"elementor-video\" src=\"https:\/\/casacunha.com.br\/wp-content\/uploads\/2026\/02\/Casa_Cunha_Institucional-1.mp4\" loop=\"\" controls=\"\" preload=\"metadata\" controlsList=\"nodownload\"><\/video>\n\t\t\t\t<\/div>\n\t\t\t\t\t\t<\/div>\n\t\t\t\t<div class=\"elementor-element elementor-element-618c408 elementor-arrows-position-inside elementor-pagination-position-outside elementor-widget elementor-widget-image-carousel\" data-id=\"618c408\" data-element_type=\"widget\" data-e-type=\"widget\" data-settings=\"{&quot;slides_to_show&quot;:&quot;6&quot;,&quot;slides_to_scroll&quot;:&quot;3&quot;,&quot;image_spacing_custom&quot;:{&quot;unit&quot;:&quot;px&quot;,&quot;size&quot;:15,&quot;sizes&quot;:[]},&quot;navigation&quot;:&quot;both&quot;,&quot;autoplay&quot;:&quot;yes&quot;,&quot;pause_on_hover&quot;:&quot;yes&quot;,&quot;pause_on_interaction&quot;:&quot;yes&quot;,&quot;autoplay_speed&quot;:5000,&quot;infinite&quot;:&quot;yes&quot;,&quot;speed&quot;:500,&quot;image_spacing_custom_tablet&quot;:{&quot;unit&quot;:&quot;px&quot;,&quot;size&quot;:&quot;&quot;,&quot;sizes&quot;:[]},&quot;image_spacing_custom_mobile&quot;:{&quot;unit&quot;:&quot;px&quot;,&quot;size&quot;:&quot;&quot;,&quot;sizes&quot;:[]}}\" data-widget_type=\"image-carousel.default\">\n\t\t\t\t\t\t\t<div class=\"elementor-image-carousel-wrapper swiper\" role=\"region\" aria-roledescription=\"carousel\" aria-label=\"Carrossel de imagens\" dir=\"ltr\">\n\t\t\t<div class=\"elementor-image-carousel swiper-wrapper\" aria-live=\"off\">\n\t\t\t\t\t\t\t\t<div class=\"swiper-slide\" role=\"group\" aria-roledescription=\"slide\" aria-label=\"1 de 12\"><figure class=\"swiper-slide-inner\"><img decoding=\"async\" class=\"swiper-slide-image\" src=\"https:\/\/casacunha.com.br\/wp-content\/uploads\/2026\/02\/casa_cunha_padaria_4.jpg\" alt=\"casa_cunha_padaria_4\" \/><\/figure><\/div><div class=\"swiper-slide\" role=\"group\" aria-roledescription=\"slide\" aria-label=\"2 de 12\"><figure class=\"swiper-slide-inner\"><img decoding=\"async\" class=\"swiper-slide-image\" src=\"https:\/\/casacunha.com.br\/wp-content\/uploads\/2026\/02\/casa_cunha_padaria_3.jpg\" alt=\"casa_cunha_padaria_3\" \/><\/figure><\/div><div class=\"swiper-slide\" role=\"group\" aria-roledescription=\"slide\" aria-label=\"3 de 12\"><figure class=\"swiper-slide-inner\"><img decoding=\"async\" class=\"swiper-slide-image\" src=\"https:\/\/casacunha.com.br\/wp-content\/uploads\/2026\/02\/casa_cunha_padaria_2.jpg\" alt=\"casa_cunha_padaria_2\" \/><\/figure><\/div><div class=\"swiper-slide\" role=\"group\" aria-roledescription=\"slide\" aria-label=\"4 de 12\"><figure class=\"swiper-slide-inner\"><img decoding=\"async\" class=\"swiper-slide-image\" src=\"https:\/\/casacunha.com.br\/wp-content\/uploads\/2026\/02\/casa_cunha_padaria_1.jpg\" alt=\"casa_cunha_padaria_1\" \/><\/figure><\/div><div class=\"swiper-slide\" role=\"group\" aria-roledescription=\"slide\" aria-label=\"5 de 12\"><figure class=\"swiper-slide-inner\"><img decoding=\"async\" class=\"swiper-slide-image\" src=\"https:\/\/casacunha.com.br\/wp-content\/uploads\/2026\/02\/casa_cunha_padaria_12.jpg\" alt=\"casa_cunha_padaria_12\" \/><\/figure><\/div><div class=\"swiper-slide\" role=\"group\" aria-roledescription=\"slide\" aria-label=\"6 de 12\"><figure class=\"swiper-slide-inner\"><img decoding=\"async\" class=\"swiper-slide-image\" src=\"https:\/\/casacunha.com.br\/wp-content\/uploads\/2026\/02\/casa_cunha_padaria_11.jpg\" alt=\"casa_cunha_padaria_11\" \/><\/figure><\/div><div class=\"swiper-slide\" role=\"group\" aria-roledescription=\"slide\" aria-label=\"7 de 12\"><figure class=\"swiper-slide-inner\"><img decoding=\"async\" class=\"swiper-slide-image\" src=\"https:\/\/casacunha.com.br\/wp-content\/uploads\/2026\/02\/casa_cunha_padaria_10.jpg\" alt=\"casa_cunha_padaria_10\" \/><\/figure><\/div><div class=\"swiper-slide\" role=\"group\" aria-roledescription=\"slide\" aria-label=\"8 de 12\"><figure class=\"swiper-slide-inner\"><img decoding=\"async\" class=\"swiper-slide-image\" src=\"https:\/\/casacunha.com.br\/wp-content\/uploads\/2026\/02\/casa_cunha_padaria_9.jpg\" alt=\"casa_cunha_padaria_9\" \/><\/figure><\/div><div class=\"swiper-slide\" role=\"group\" aria-roledescription=\"slide\" aria-label=\"9 de 12\"><figure class=\"swiper-slide-inner\"><img decoding=\"async\" class=\"swiper-slide-image\" src=\"https:\/\/casacunha.com.br\/wp-content\/uploads\/2026\/02\/casa_cunha_padaria_8.jpg\" alt=\"casa_cunha_padaria_8\" \/><\/figure><\/div><div class=\"swiper-slide\" role=\"group\" aria-roledescription=\"slide\" aria-label=\"10 de 12\"><figure class=\"swiper-slide-inner\"><img decoding=\"async\" class=\"swiper-slide-image\" src=\"https:\/\/casacunha.com.br\/wp-content\/uploads\/2026\/02\/casa_cunha_padaria_7.jpg\" alt=\"casa_cunha_padaria_7\" \/><\/figure><\/div><div class=\"swiper-slide\" role=\"group\" aria-roledescription=\"slide\" aria-label=\"11 de 12\"><figure class=\"swiper-slide-inner\"><img decoding=\"async\" class=\"swiper-slide-image\" src=\"https:\/\/casacunha.com.br\/wp-content\/uploads\/2026\/02\/casa_cunha_padaria_6.jpg\" alt=\"casa_cunha_padaria_6\" \/><\/figure><\/div><div class=\"swiper-slide\" role=\"group\" aria-roledescription=\"slide\" aria-label=\"12 de 12\"><figure class=\"swiper-slide-inner\"><img decoding=\"async\" class=\"swiper-slide-image\" src=\"https:\/\/casacunha.com.br\/wp-content\/uploads\/2026\/02\/casa_cunha_padaria_5.jpg\" alt=\"casa_cunha_padaria_5\" \/><\/figure><\/div>\t\t\t<\/div>\n\t\t\t\t\t\t\t\t\t\t\t\t<div class=\"elementor-swiper-button elementor-swiper-button-prev\" role=\"button\" tabindex=\"0\">\n\t\t\t\t\t\t<svg aria-hidden=\"true\" class=\"e-font-icon-svg e-eicon-chevron-left\" viewBox=\"0 0 1000 1000\" xmlns=\"http:\/\/www.w3.org\/2000\/svg\"><path d=\"M646 125C629 125 613 133 604 142L308 442C296 454 292 471 292 487 292 504 296 521 308 533L604 854C617 867 629 875 646 875 663 875 679 871 692 858 704 846 713 829 713 812 713 796 708 779 692 767L438 487 692 225C700 217 708 204 708 187 708 171 704 154 692 142 675 129 663 125 646 125Z\"><\/path><\/svg>\t\t\t\t\t<\/div>\n\t\t\t\t\t<div class=\"elementor-swiper-button elementor-swiper-button-next\" role=\"button\" tabindex=\"0\">\n\t\t\t\t\t\t<svg aria-hidden=\"true\" class=\"e-font-icon-svg e-eicon-chevron-right\" viewBox=\"0 0 1000 1000\" xmlns=\"http:\/\/www.w3.org\/2000\/svg\"><path d=\"M696 533C708 521 713 504 713 487 713 471 708 454 696 446L400 146C388 133 375 125 354 125 338 125 325 129 313 142 300 154 292 171 292 187 292 204 296 221 308 233L563 492 304 771C292 783 288 800 288 817 288 833 296 850 308 863 321 871 338 875 354 875 371 875 388 867 400 854L696 533Z\"><\/path><\/svg>\t\t\t\t\t<\/div>\n\t\t\t\t\n\t\t\t\t\t\t\t\t\t<div class=\"swiper-pagination\"><\/div>\n\t\t\t\t\t\t\t\t\t<\/div>\n\t\t\t\t\t\t<\/div>\n\t\t\t\t\t<\/div>\n\t\t\t\t<\/div>\n\t\t\t\t<\/div>\n\t\t","protected":false},"excerpt":{"rendered":"<p>Casa Cunha Padaria em Perdizes A CASA CUNHA NASCEU DA UNI\u00c3O DE DUAS TRAJET\u00d3RIAS MUITO IMPROV\u00c1VEIS. ELA, DO SERT\u00c3O BAIANO. ELE, FILHO DE PORTUGUESES DO MINHO. PATR\u00cdCIA NASCIMENTO E FERNANDO CUNHA SE CONHECERAM H\u00c1 MAIS DE VINTE ANOS. NUM TEMPO EM QUE ELA AINDA APRENDIA QUE SONHO ERA NOME DE DOCE, ELE J\u00c1 SONHAVA COM [&hellip;]<\/p>\n","protected":false},"author":2,"featured_media":0,"parent":0,"menu_order":0,"comment_status":"closed","ping_status":"closed","template":"","meta":{"footnotes":""},"class_list":["post-42","page","type-page","status-publish","hentry"],"_links":{"self":[{"href":"https:\/\/casacunha.com.br\/index.php\/wp-json\/wp\/v2\/pages\/42","targetHints":{"allow":["GET"]}}],"collection":[{"href":"https:\/\/casacunha.com.br\/index.php\/wp-json\/wp\/v2\/pages"}],"about":[{"href":"https:\/\/casacunha.com.br\/index.php\/wp-json\/wp\/v2\/types\/page"}],"author":[{"embeddable":true,"href":"https:\/\/casacunha.com.br\/index.php\/wp-json\/wp\/v2\/users\/2"}],"replies":[{"embeddable":true,"href":"https:\/\/casacunha.com.br\/index.php\/wp-json\/wp\/v2\/comments?post=42"}],"version-history":[{"count":40,"href":"https:\/\/casacunha.com.br\/index.php\/wp-json\/wp\/v2\/pages\/42\/revisions"}],"predecessor-version":[{"id":242,"href":"https:\/\/casacunha.com.br\/index.php\/wp-json\/wp\/v2\/pages\/42\/revisions\/242"}],"wp:attachment":[{"href":"https:\/\/casacunha.com.br\/index.php\/wp-json\/wp\/v2\/media?parent=42"}],"curies":[{"name":"wp","href":"https:\/\/api.w.org\/{rel}","templated":true}]}}